{"id":1126,"date":"2025-06-11T19:14:45","date_gmt":"2025-06-11T17:14:45","guid":{"rendered":"https:\/\/infiniment-it.fr\/?page_id=1126"},"modified":"2025-06-11T22:20:43","modified_gmt":"2025-06-11T20:20:43","slug":"mentions-legales","status":"publish","type":"page","link":"https:\/\/infiniment-it.fr\/?page_id=1126","title":{"rendered":""},"content":{"rendered":"\n<p><\/p>\n\n\n\n<h6 class=\"wp-block-heading has-xxxx-large-font-size\"><strong>Mentions l\u00e9gales<\/strong><\/h6>\n\n\n\n<h3 class=\"wp-block-heading\"><strong>\u00c9diteur du site<\/strong><\/h3>\n\n\n\n<p><strong>Nom de l\u2019entreprise<\/strong> : INFINIMENT-IT<br><strong>Forme juridique<\/strong> : Entreprise-Individuel<br><strong>Adresse du si\u00e8ge social<\/strong> : 11 Chemin Des B\u0153ufs ,95220, Herblay-Sur-Seine<br><strong>Num\u00e9ro SIRET<\/strong> : 94537461900019<br><strong>Code APE<\/strong> : 6202A \u2013 Conseil en syst\u00e8mes et logiciels informatiques<br><strong>Responsable de la publication<\/strong> : Imed Rabei<br><strong>Contact<\/strong> : <a href=\"mailto:contact@infiniment-it.fr\" target=\"_blank\" rel=\"noreferrer noopener\">contact@infiniment-it.fr<\/a><\/p>\n\n\n\n<hr class=\"wp-block-separator has-alpha-channel-opacity\"\/>\n\n\n\n<h3 class=\"wp-block-heading\"><strong>H\u00e9bergement<\/strong><\/h3>\n\n\n\n<p><strong>H\u00e9bergeur<\/strong> : OVH Cloud<br><strong>Contact<\/strong> : <a href=\"mailto:contact@infiniment-it.fr\" target=\"_blank\" rel=\"noreferrer noopener\">contact@infiniment-it.fr<\/a><br><strong>Site web<\/strong> : infiniment-it.fr<\/p>\n\n\n\n<hr class=\"wp-block-separator has-alpha-channel-opacity\"\/>\n\n\n\n<h3 class=\"wp-block-heading\"><strong>Activit\u00e9s<\/strong><\/h3>\n\n\n\n<p>L\u2019entreprise propose des prestations de :<br>\u2013 Conseil en syst\u00e8mes et logiciels informatiques<br>\u2013 Accompagnement sur mesure \u00e0 la transformation num\u00e9rique<br>\u2013 Gestion de projets informatiques<br>\u2013 Assistance technique et maintenance (applicative et mat\u00e9riel)<br>\u2013 Formation li\u00e9e aux technologies de l&#8217;information<\/p>\n\n\n\n<hr class=\"wp-block-separator has-alpha-channel-opacity\"\/>\n\n\n\n<h3 class=\"wp-block-heading\"><strong>Donn\u00e9es personnelles<\/strong><\/h3>\n\n\n\n<p>Les informations recueillies via le formulaire de contact sont enregistr\u00e9es dans un fichier informatis\u00e9 par INFINIMENT-IT pour r\u00e9pondre aux demandes et \u00e9tablir un \u00e9ventuel contact commercial.<br>Elles sont conserv\u00e9es pendant une dur\u00e9e maximale de 3 ans et sont destin\u00e9es uniquement \u00e0 un usage interne.<\/p>\n\n\n\n<p>Conform\u00e9ment au R\u00e8glement G\u00e9n\u00e9ral sur la Protection des Donn\u00e9es (RGPD), vous pouvez exercer vos droits d&#8217;acc\u00e8s, de rectification, d\u2019opposition ou de suppression des donn\u00e9es vous concernant en adressant un email \u00e0 : <a href=\"mailto:contact@infiniment-it.fr\" target=\"_blank\" rel=\"noreferrer noopener\">contact@infiniment-it.fr<\/a><\/p>\n\n\n\n<hr class=\"wp-block-separator has-alpha-channel-opacity\"\/>\n\n\n\n<h3 class=\"wp-block-heading\"><strong>Cookies<\/strong><\/h3>\n\n\n\n<p>Le site peut utiliser des cookies de mesure d\u2019audience ou de navigation. En continuant votre navigation, vous acceptez l\u2019utilisation de ces cookies. Vous pouvez les d\u00e9sactiver dans les param\u00e8tres de votre navigateur.<\/p>\n\n\n\n<hr class=\"wp-block-separator has-alpha-channel-opacity\"\/>\n\n\n\n<h3 class=\"wp-block-heading\"><strong>Propri\u00e9t\u00e9 intellectuelle<\/strong><\/h3>\n\n\n\n<p>L\u2019ensemble du contenu du site (textes, images, logo, etc.) est la propri\u00e9t\u00e9 exclusive de l&#8217;entreprise INFINIMENT-IT et de son dirigeant Imed Rabei, sauf mention contraire. Toute reproduction, repr\u00e9sentation ou diffusion, m\u00eame partielle, est interdite sans autorisation pr\u00e9alable.<\/p>\n\n\n\n<p><\/p>\n","protected":false},"excerpt":{"rendered":"<p>Mentions l\u00e9gales \u00c9diteur du site Nom de l\u2019entreprise : INFINIMENT-ITForme juridique : Entreprise-IndividuelAdresse du si\u00e8ge social : 11 Chemin Des B\u0153ufs ,95220, Herblay-Sur-SeineNum\u00e9ro SIRET : 94537461900019Code APE : 6202A \u2013 Conseil en syst\u00e8mes et logiciels informatiquesResponsable de la publication : Imed RabeiContact : contact@infiniment-it.fr H\u00e9bergement H\u00e9bergeur : OVH CloudContact : contact@infiniment-it.frSite web : infiniment-it.fr Activit\u00e9s [&hellip;]<\/p>\n","protected":false},"author":1,"featured_media":0,"parent":0,"menu_order":0,"comment_status":"closed","ping_status":"closed","template":"","meta":{"footnotes":""},"class_list":["post-1126","page","type-page","status-publish","hentry"],"_links":{"self":[{"href":"https:\/\/infiniment-it.fr\/index.php?rest_route=\/wp\/v2\/pages\/1126","targetHints":{"allow":["GET"]}}],"collection":[{"href":"https:\/\/infiniment-it.fr\/index.php?rest_route=\/wp\/v2\/pages"}],"about":[{"href":"https:\/\/infiniment-it.fr\/index.php?rest_route=\/wp\/v2\/types\/page"}],"author":[{"embeddable":true,"href":"https:\/\/infiniment-it.fr\/index.php?rest_route=\/wp\/v2\/users\/1"}],"replies":[{"embeddable":true,"href":"https:\/\/infiniment-it.fr\/index.php?rest_route=%2Fwp%2Fv2%2Fcomments&post=1126"}],"version-history":[{"count":10,"href":"https:\/\/infiniment-it.fr\/index.php?rest_route=\/wp\/v2\/pages\/1126\/revisions"}],"predecessor-version":[{"id":1196,"href":"https:\/\/infiniment-it.fr\/index.php?rest_route=\/wp\/v2\/pages\/1126\/revisions\/1196"}],"wp:attachment":[{"href":"https:\/\/infiniment-it.fr\/index.php?rest_route=%2Fwp%2Fv2%2Fmedia&parent=1126"}],"curies":[{"name":"wp","href":"https:\/\/api.w.org\/{rel}","templated":true}]}}